{"id":1755,"date":"2022-03-17T16:00:27","date_gmt":"2022-03-17T15:00:27","guid":{"rendered":"https:\/\/www.studiob3.se\/about-studio-b3\/"},"modified":"2026-03-10T09:04:38","modified_gmt":"2026-03-10T08:04:38","slug":"about","status":"publish","type":"page","link":"https:\/\/www.studiob3.se\/en\/about\/","title":{"rendered":"About Studio B3"},"content":{"rendered":"<p>[et_pb_section fb_built=&#8221;1&#8243; admin_label=&#8221;Hero Section&#8221; _builder_version=&#8221;4.27.4&#8243; background_color_gradient_direction=&#8221;131deg&#8221; background_image=&#8221;https:\/\/static.studiob3.se\/uploads\/2026\/03\/20260211_studioB3-_0116-scaled.jpg&#8221; background_position=&#8221;center_right&#8221; custom_padding=&#8221;110px|0px|110px|0px&#8221; animation_style=&#8221;slide&#8221; animation_direction=&#8221;top&#8221; animation_intensity_slide=&#8221;2%&#8221; animation_starting_opacity=&#8221;100%&#8221; global_colors_info=&#8221;{}&#8221;][et_pb_row column_structure=&#8221;1_2,1_2&#8243; _builder_version=&#8221;4.16&#8243; background_size=&#8221;initial&#8221; background_position=&#8221;top_left&#8221; background_repeat=&#8221;repeat&#8221; custom_width_px=&#8221;1440px&#8221; global_colors_info=&#8221;{}&#8221;][et_pb_column type=&#8221;1_2&#8243; _builder_version=&#8221;4.16&#8243; custom_padding=&#8221;|||&#8221; global_colors_info=&#8221;{}&#8221; custom_padding__hover=&#8221;|||&#8221;][et_pb_text _builder_version=&#8221;4.16.0&#8243; text_font=&#8221;||||||||&#8221; header_font=&#8221;Playfair Display|700|||||||&#8221; header_text_color=&#8221;#ffffff&#8221; header_font_size=&#8221;60px&#8221; header_line_height=&#8221;1.5em&#8221; header_2_font=&#8221;||||||||&#8221; header_3_font=&#8221;||||||||&#8221; header_4_font=&#8221;||||||||&#8221; header_5_font=&#8221;||||||||&#8221; header_6_font=&#8221;||||||||&#8221; background_size=&#8221;initial&#8221; background_position=&#8221;top_left&#8221; background_repeat=&#8221;repeat&#8221; custom_margin=&#8221;||20px|&#8221; locked=&#8221;off&#8221; global_colors_info=&#8221;{}&#8221;]<\/p>\n<h1>About Studio B3<\/h1>\n<p>[\/et_pb_text][et_pb_divider color=&#8221;#FFED00&#8243; divider_weight=&#8221;3px&#8221; disabled_on=&#8221;on|on|off&#8221; _builder_version=&#8221;4.16&#8243; max_width=&#8221;80px&#8221; module_alignment=&#8221;left&#8221; height=&#8221;10px&#8221; custom_margin=&#8221;||20px|&#8221; animation_style=&#8221;slide&#8221; animation_direction=&#8221;bottom&#8221; saved_tabs=&#8221;all&#8221; locked=&#8221;off&#8221; global_colors_info=&#8221;{}&#8221;][\/et_pb_divider][et_pb_text _builder_version=&#8221;4.16&#8243; text_font=&#8221;Poppins||||||||&#8221; text_text_color=&#8221;rgba(255,255,255,0.8)&#8221; text_font_size=&#8221;18px&#8221; text_line_height=&#8221;1.8em&#8221; header_font=&#8221;||||||||&#8221; background_size=&#8221;initial&#8221; background_position=&#8221;top_left&#8221; background_repeat=&#8221;repeat&#8221; locked=&#8221;off&#8221; global_colors_info=&#8221;{}&#8221;][\/et_pb_text][\/et_pb_column][et_pb_column type=&#8221;1_2&#8243; _builder_version=&#8221;4.16&#8243; custom_padding=&#8221;|||&#8221; global_colors_info=&#8221;{}&#8221; custom_padding__hover=&#8221;|||&#8221;][\/et_pb_column][\/et_pb_row][\/et_pb_section][et_pb_section fb_built=&#8221;1&#8243; custom_padding_last_edited=&#8221;on|phone&#8221; admin_label=&#8221;Collections&#8221; _builder_version=&#8221;4.16.0&#8243; background_image=&#8221;https:\/\/static.studiob3.se\/uploads\/2022\/03\/image.png&#8221; background_size=&#8221;initial&#8221; background_repeat=&#8221;repeat&#8221; min_height=&#8221;1320.1px&#8221; custom_padding=&#8221;60px|0px|0px|0px||&#8221; custom_padding_tablet=&#8221;60px|0px|0px|0px||&#8221; custom_padding_phone=&#8221;20px||||false|false&#8221; global_colors_info=&#8221;{}&#8221;][et_pb_row make_equal=&#8221;on&#8221; _builder_version=&#8221;4.27.4&#8243; background_enable_color=&#8221;off&#8221; background_size=&#8221;initial&#8221; background_position=&#8221;top_left&#8221; background_repeat=&#8221;repeat&#8221; width=&#8221;100%&#8221; module_alignment=&#8221;center&#8221; custom_margin=&#8221;1px|auto||auto||&#8221; custom_padding=&#8221;0px||0px|||&#8221; global_colors_info=&#8221;{}&#8221;][et_pb_column type=&#8221;4_4&#8243; _builder_version=&#8221;4.16.0&#8243; background_color=&#8221;RGBA(255,255,255,0)&#8221; custom_padding=&#8221;40px|40px|40px|40px&#8221; global_colors_info=&#8221;{}&#8221; custom_padding__hover=&#8221;|||&#8221;][et_pb_text _builder_version=&#8221;4.16.0&#8243; header_font=&#8221;||||||||&#8221; header_2_line_height=&#8221;1.4em&#8221; header_3_font=&#8221;Playfair Display|700|||||||&#8221; header_3_text_color=&#8221;#2b2b2b&#8221; header_3_font_size=&#8221;28px&#8221; header_3_line_height=&#8221;1.6em&#8221; background_size=&#8221;initial&#8221; background_position=&#8221;top_left&#8221; background_repeat=&#8221;repeat&#8221; custom_margin=&#8221;-4px||10px|||&#8221; global_colors_info=&#8221;{}&#8221;]<\/p>\n<h3 style=\"text-align: center;\">WELCOME TO STUDIO b3<\/h3>\n<p>[\/et_pb_text][et_pb_divider color=&#8221;#FFED00&#8243; divider_weight=&#8221;3px&#8221; disabled_on=&#8221;on|on|off&#8221; _builder_version=&#8221;4.16&#8243; max_width=&#8221;80px&#8221; module_alignment=&#8221;center&#8221; height=&#8221;10px&#8221; custom_margin=&#8221;||20px|&#8221; animation_style=&#8221;slide&#8221; animation_direction=&#8221;bottom&#8221; saved_tabs=&#8221;all&#8221; locked=&#8221;off&#8221; global_colors_info=&#8221;{}&#8221;][\/et_pb_divider][et_pb_text _builder_version=&#8221;4.16.0&#8243; text_font=&#8221;Poppins||||||||&#8221; text_text_color=&#8221;#232323&#8243; text_font_size=&#8221;16px&#8221; text_line_height=&#8221;1.9em&#8221; header_font=&#8221;||||||||&#8221; header_2_font=&#8221;||||||||&#8221; header_3_text_align=&#8221;center&#8221; width=&#8221;850px&#8221; max_width=&#8221;100%&#8221; module_alignment=&#8221;center&#8221; custom_margin=&#8221;||-4px|||&#8221; custom_padding=&#8221;28px||0px|||&#8221; header_3_text_align_tablet=&#8221;center&#8221; header_3_text_align_phone=&#8221;left&#8221; header_3_text_align_last_edited=&#8221;on|phone&#8221; global_colors_info=&#8221;{}&#8221;]<\/p>\n<h3>1000 SQM SHOWROOM<\/h3>\n<p>Welcome to Studio B3! We are Stockholm&#8217;s largest showroom for furniture, lighting and materials. In the middle of Stockholm City, at Barnhusgatan 3, you will find our exhibition of 1000 sqm on three floors, exploding of inspiration for architecture, interior design and design. In addition to our beautiful quality furniture, designed fixtures and exclusive finishes, we have a large gallery filled with materials for all types of projects for interior designers, architects, builders and property owners.<\/p>\n<p>In total, we are thirty-five companies that show products and materials for interior as well as exterior use. Leading manufacturers in the interior design industry show their design products for public environments and personal homes. We have many well-known brands and several of our companies provide Swedish-made products. In the Material Gallery, we have prominent companies that show their materials in a common area. There are exciting materials such as stone, wood, glass, steel, paint, floor, and fa\u00e7ade. There is also the opportunity to look at a number of different elevator interiors.<\/p>\n<p>Studio B3 has amazing premises from the turn of the century that we have been in since 1963, when furniture companies from Sm\u00e5land wanted to show their products in the Swedish capital. We are a well-functioning meeting place where you can spend part of your working day. With us, you, together with your customers, can try our products and look at materials. You can also get samples of most of our materials.\u00a0<\/p>\n<h3>GOOD COFFEE AND WIFI<\/h3>\n<p>Studio B3 has competent staff who will guide you during your visit. We can offer good coffee and a reliable wifi. We also arrange many different events for industry professionals such as product shows and lectures. Feel free to follow us on Instagram <a href=\"https:\/\/www.instagram.com\/studiob3showroom\/\" target=\"_blank\" rel=\"noopener\">@studiob3showroom<\/a> for the latest news.<\/p>\n<p>Welcome!<\/p>\n<p>[\/et_pb_text][\/et_pb_column][\/et_pb_row][et_pb_row _builder_version=&#8221;4.16&#8243; _module_preset=&#8221;default&#8221; background_enable_color=&#8221;off&#8221; custom_margin=&#8221;|auto|-22px|auto||&#8221; custom_padding=&#8221;2px|||||&#8221; global_colors_info=&#8221;{}&#8221;][et_pb_column type=&#8221;4_4&#8243; _builder_version=&#8221;4.16&#8243; _module_preset=&#8221;default&#8221; global_colors_info=&#8221;{}&#8221;][et_pb_text _builder_version=&#8221;4.16.0&#8243; _module_preset=&#8221;default&#8221; custom_margin=&#8221;||0px|||&#8221; custom_padding=&#8221;||13px|||&#8221; global_colors_info=&#8221;{}&#8221;]<\/p>\n<h3 style=\"text-align: center;\"><span style=\"color: #000000;\">CONTACT<br \/><\/span><\/h3>\n<p>[\/et_pb_text][et_pb_divider color=&#8221;#FFED00&#8243; divider_weight=&#8221;3px&#8221; disabled_on=&#8221;on|on|off&#8221; _builder_version=&#8221;4.16&#8243; max_width=&#8221;80px&#8221; module_alignment=&#8221;center&#8221; height=&#8221;10px&#8221; custom_margin=&#8221;||20px|&#8221; animation_style=&#8221;slide&#8221; animation_direction=&#8221;bottom&#8221; saved_tabs=&#8221;all&#8221; locked=&#8221;off&#8221; global_colors_info=&#8221;{}&#8221;][\/et_pb_divider][\/et_pb_column][\/et_pb_row][et_pb_row column_structure=&#8221;1_2,1_2&#8243; _builder_version=&#8221;4.16&#8243; _module_preset=&#8221;default&#8221; background_enable_color=&#8221;off&#8221; max_width=&#8221;840px&#8221; custom_padding=&#8221;|50px|1px|50px|false|false&#8221; global_colors_info=&#8221;{}&#8221;][et_pb_column type=&#8221;1_2&#8243; _builder_version=&#8221;4.16&#8243; _module_preset=&#8221;default&#8221; custom_padding=&#8221;||||false|false&#8221; global_colors_info=&#8221;{}&#8221;][et_pb_text _builder_version=&#8221;4.16.0&#8243; _module_preset=&#8221;default&#8221; module_alignment=&#8221;center&#8221; min_height=&#8221;88.4px&#8221; custom_margin=&#8221;||6px|||&#8221; custom_padding=&#8221;||0px|||&#8221; global_colors_info=&#8221;{}&#8221;]<\/p>\n<p style=\"text-align: center;\"><span style=\"color: #000000;\"><strong>Peggy Mourad<br \/><\/strong><em>Showroom Manager<br \/><\/em><\/span><\/p>\n<p style=\"text-align: center;\"><span style=\"color: #000000;\"><a class=\"hover-underline beige\" href=\"mailto:info@studiob3.com\" style=\"color: #000000;\">info@studiob3.com<\/a><\/span><br \/><span style=\"color: #000000;\"><a class=\"hover-underline beige\" href=\"tel:08214231\" style=\"color: #000000;\">08 \u2013 21 42 31<\/a><\/span><\/p>\n<p style=\"text-align: center;\"><span style=\"color: #000000;\"><\/span><\/p>\n<p>[\/et_pb_text][\/et_pb_column][et_pb_column type=&#8221;1_2&#8243; _builder_version=&#8221;4.16&#8243; _module_preset=&#8221;default&#8221; custom_padding=&#8221;||||false|false&#8221; global_colors_info=&#8221;{}&#8221;][et_pb_text _builder_version=&#8221;4.16.0&#8243; _module_preset=&#8221;default&#8221; module_alignment=&#8221;center&#8221; min_height=&#8221;88.4px&#8221; custom_margin=&#8221;||6px|||&#8221; custom_padding=&#8221;||0px|||&#8221; global_colors_info=&#8221;{}&#8221;]<\/p>\n<p style=\"text-align: center;\"><span style=\"color: #000000;\"><strong>Fj\u00f3la Th\u00f3risd\u00f3ttir<br \/><\/strong><\/span><em>Project leader<br \/><\/em><\/p>\n<p style=\"text-align: center;\"><span style=\"color: #000000;\"><a class=\"hover-underline beige\" href=\"mailto:info@studiob3.com\" style=\"color: #000000;\">info@studiob3.com<\/a><\/span><br \/><span style=\"color: #000000;\"><a class=\"hover-underline beige\" href=\"tel:08214231\" style=\"color: #000000;\">08 \u2013 21 42 31<\/a><\/span><\/p>\n<p style=\"text-align: center;\"><span style=\"color: #000000;\"><\/span><\/p>\n<p>[\/et_pb_text][\/et_pb_column][\/et_pb_row][et_pb_row custom_padding_last_edited=&#8221;on|phone&#8221; _builder_version=&#8221;4.16.0&#8243; _module_preset=&#8221;default&#8221; min_height=&#8221;228.3px&#8221; custom_margin=&#8221;-2px|auto||auto||&#8221; custom_margin_tablet=&#8221;-2px|auto||auto||&#8221; custom_margin_phone=&#8221;-2px|auto|0px|auto|false|false&#8221; custom_margin_last_edited=&#8221;on|phone&#8221; custom_padding=&#8221;||100px|||&#8221; custom_padding_tablet=&#8221;||100px|||&#8221; custom_padding_phone=&#8221;0px||0px||false|false&#8221; global_colors_info=&#8221;{}&#8221;][et_pb_column type=&#8221;4_4&#8243; _builder_version=&#8221;4.16&#8243; _module_preset=&#8221;default&#8221; global_colors_info=&#8221;{}&#8221;][et_pb_gallery gallery_ids=&#8221;3459,1659,1022&#8243; posts_number=&#8221;3&#8243; show_title_and_caption=&#8221;off&#8221; show_pagination=&#8221;off&#8221; zoom_icon_color=&#8221;#FFED00&#8243; hover_overlay_color=&#8221;rgba(35,35,35,0.71)&#8221; hover_icon=&#8221;&#x54;||divi||400&#8243; _builder_version=&#8221;4.27.4&#8243; _module_preset=&#8221;default&#8221; transform_translate=&#8221;-3px|54px&#8221; custom_margin=&#8221;-2px||60px|||&#8221; animation_style=&#8221;fade&#8221; hover_enabled=&#8221;0&#8243; custom_css_gallery_item=&#8221;width: 28% !important;||margin: 2.6% !important;||clear: none !important;&#8221; box_shadow_style_image=&#8221;preset3&#8243; global_colors_info=&#8221;{}&#8221; custom_css_gallery_item_last_edited=&#8221;on|phone&#8221; custom_css_gallery_item_phone=&#8221;width: auto;||margin: 4% 0;&#8221; custom_css_gallery_item_tablet=&#8221;width: 28% !important;||margin: 2.6% !important;||clear: none !important;&#8221; sticky_enabled=&#8221;0&#8243;][\/et_pb_gallery][\/et_pb_column][\/et_pb_row][\/et_pb_section]<\/p>\n","protected":false},"excerpt":{"rendered":"<p>About Studio B3WELCOME TO STUDIO b31000 SQM SHOWROOM Welcome to Studio B3! We are Stockholm&#8217;s largest showroom for furniture, lighting and materials. In the middle of Stockholm City, at Barnhusgatan 3, you will find our exhibition of 1000 sqm on three floors, exploding of inspiration for architecture, interior design and design. In addition to our [&hellip;]<\/p>\n","protected":false},"author":2,"featured_media":3438,"parent":0,"menu_order":0,"comment_status":"closed","ping_status":"closed","template":"","meta":{"_acf_changed":false,"_et_pb_use_builder":"on","_et_pb_old_content":"","_et_gb_content_width":"","_monsterinsights_skip_tracking":false,"_monsterinsights_sitenote_active":false,"_monsterinsights_sitenote_note":"","_monsterinsights_sitenote_category":0,"footnotes":""},"class_list":["post-1755","page","type-page","status-publish","has-post-thumbnail","hentry"],"acf":[],"yoast_head":"<!-- This site is optimized with the Yoast SEO plugin v27.4 - https:\/\/yoast.com\/product\/yoast-seo-wordpress\/ -->\n<title>About Studio B3 - Studio B3 \u2013 Showroom<\/title>\n<meta name=\"description\" content=\"We are Stockholm\u2019s largest showroom for furniture, lighting and materials. In the middle of Stockholm City you will find our exhibition of 1000 sqm.\" \/>\n<meta name=\"robots\" content=\"index, follow, max-snippet:-1, max-image-preview:large, max-video-preview:-1\" \/>\n<link rel=\"canonical\" href=\"https:\/\/www.studiob3.se\/studio-b3\/\" \/>\n<meta property=\"og:locale\" content=\"en_US\" \/>\n<meta property=\"og:type\" content=\"article\" \/>\n<meta property=\"og:title\" content=\"About Studio B3 - Studio B3 \u2013 Showroom\" \/>\n<meta property=\"og:description\" content=\"We are Stockholm\u2019s largest showroom for furniture, lighting and materials. In the middle of Stockholm City you will find our exhibition of 1000 sqm.\" \/>\n<meta property=\"og:url\" content=\"https:\/\/www.studiob3.se\/studio-b3\/\" \/>\n<meta property=\"og:site_name\" content=\"Studio B3 \u2013 Showroom\" \/>\n<meta property=\"article:modified_time\" content=\"2026-03-10T08:04:38+00:00\" \/>\n<meta property=\"og:image\" content=\"https:\/\/static.studiob3.se\/uploads\/2026\/03\/20260211_studioB3-_0116-scaled.jpg\" \/>\n\t<meta property=\"og:image:width\" content=\"2560\" \/>\n\t<meta property=\"og:image:height\" content=\"1829\" \/>\n\t<meta property=\"og:image:type\" content=\"image\/jpeg\" \/>\n<meta name=\"twitter:card\" content=\"summary_large_image\" \/>\n<meta name=\"twitter:label1\" content=\"Est. reading time\" \/>\n\t<meta name=\"twitter:data1\" content=\"6 minutes\" \/>\n<script type=\"application\/ld+json\" class=\"yoast-schema-graph\">{\"@context\":\"https:\\\/\\\/schema.org\",\"@graph\":[{\"@type\":\"WebPage\",\"@id\":\"https:\\\/\\\/www.studiob3.se\\\/studio-b3\\\/\",\"url\":\"https:\\\/\\\/www.studiob3.se\\\/studio-b3\\\/\",\"name\":\"About Studio B3 - Studio B3 \u2013 Showroom\",\"isPartOf\":{\"@id\":\"https:\\\/\\\/www.studiob3.se\\\/#website\"},\"primaryImageOfPage\":{\"@id\":\"https:\\\/\\\/www.studiob3.se\\\/studio-b3\\\/#primaryimage\"},\"image\":{\"@id\":\"https:\\\/\\\/www.studiob3.se\\\/studio-b3\\\/#primaryimage\"},\"thumbnailUrl\":\"https:\\\/\\\/static.studiob3.se\\\/uploads\\\/2026\\\/03\\\/20260211_studioB3-_0116-scaled.jpg\",\"datePublished\":\"2022-03-17T15:00:27+00:00\",\"dateModified\":\"2026-03-10T08:04:38+00:00\",\"description\":\"We are Stockholm\u2019s largest showroom for furniture, lighting and materials. In the middle of Stockholm City you will find our exhibition of 1000 sqm.\",\"breadcrumb\":{\"@id\":\"https:\\\/\\\/www.studiob3.se\\\/studio-b3\\\/#breadcrumb\"},\"inLanguage\":\"en-US\",\"potentialAction\":[{\"@type\":\"ReadAction\",\"target\":[\"https:\\\/\\\/www.studiob3.se\\\/studio-b3\\\/\"]}]},{\"@type\":\"ImageObject\",\"inLanguage\":\"en-US\",\"@id\":\"https:\\\/\\\/www.studiob3.se\\\/studio-b3\\\/#primaryimage\",\"url\":\"https:\\\/\\\/static.studiob3.se\\\/uploads\\\/2026\\\/03\\\/20260211_studioB3-_0116-scaled.jpg\",\"contentUrl\":\"https:\\\/\\\/static.studiob3.se\\\/uploads\\\/2026\\\/03\\\/20260211_studioB3-_0116-scaled.jpg\",\"width\":2560,\"height\":1829},{\"@type\":\"BreadcrumbList\",\"@id\":\"https:\\\/\\\/www.studiob3.se\\\/studio-b3\\\/#breadcrumb\",\"itemListElement\":[{\"@type\":\"ListItem\",\"position\":1,\"name\":\"Hem\",\"item\":\"https:\\\/\\\/www.studiob3.se\\\/\"},{\"@type\":\"ListItem\",\"position\":2,\"name\":\"About Studio B3\"}]},{\"@type\":\"WebSite\",\"@id\":\"https:\\\/\\\/www.studiob3.se\\\/#website\",\"url\":\"https:\\\/\\\/www.studiob3.se\\\/\",\"name\":\"Studio B3 \u2013 Showroom\",\"description\":\"\",\"potentialAction\":[{\"@type\":\"SearchAction\",\"target\":{\"@type\":\"EntryPoint\",\"urlTemplate\":\"https:\\\/\\\/www.studiob3.se\\\/?s={search_term_string}\"},\"query-input\":{\"@type\":\"PropertyValueSpecification\",\"valueRequired\":true,\"valueName\":\"search_term_string\"}}],\"inLanguage\":\"en-US\"}]}<\/script>\n<!-- \/ Yoast SEO plugin. -->","yoast_head_json":{"title":"About Studio B3 - Studio B3 \u2013 Showroom","description":"We are Stockholm\u2019s largest showroom for furniture, lighting and materials. In the middle of Stockholm City you will find our exhibition of 1000 sqm.","robots":{"index":"index","follow":"follow","max-snippet":"max-snippet:-1","max-image-preview":"max-image-preview:large","max-video-preview":"max-video-preview:-1"},"canonical":"https:\/\/www.studiob3.se\/studio-b3\/","og_locale":"en_US","og_type":"article","og_title":"About Studio B3 - Studio B3 \u2013 Showroom","og_description":"We are Stockholm\u2019s largest showroom for furniture, lighting and materials. In the middle of Stockholm City you will find our exhibition of 1000 sqm.","og_url":"https:\/\/www.studiob3.se\/studio-b3\/","og_site_name":"Studio B3 \u2013 Showroom","article_modified_time":"2026-03-10T08:04:38+00:00","og_image":[{"width":2560,"height":1829,"url":"https:\/\/static.studiob3.se\/uploads\/2026\/03\/20260211_studioB3-_0116-scaled.jpg","type":"image\/jpeg"}],"twitter_card":"summary_large_image","twitter_misc":{"Est. reading time":"6 minutes"},"schema":{"@context":"https:\/\/schema.org","@graph":[{"@type":"WebPage","@id":"https:\/\/www.studiob3.se\/studio-b3\/","url":"https:\/\/www.studiob3.se\/studio-b3\/","name":"About Studio B3 - Studio B3 \u2013 Showroom","isPartOf":{"@id":"https:\/\/www.studiob3.se\/#website"},"primaryImageOfPage":{"@id":"https:\/\/www.studiob3.se\/studio-b3\/#primaryimage"},"image":{"@id":"https:\/\/www.studiob3.se\/studio-b3\/#primaryimage"},"thumbnailUrl":"https:\/\/static.studiob3.se\/uploads\/2026\/03\/20260211_studioB3-_0116-scaled.jpg","datePublished":"2022-03-17T15:00:27+00:00","dateModified":"2026-03-10T08:04:38+00:00","description":"We are Stockholm\u2019s largest showroom for furniture, lighting and materials. In the middle of Stockholm City you will find our exhibition of 1000 sqm.","breadcrumb":{"@id":"https:\/\/www.studiob3.se\/studio-b3\/#breadcrumb"},"inLanguage":"en-US","potentialAction":[{"@type":"ReadAction","target":["https:\/\/www.studiob3.se\/studio-b3\/"]}]},{"@type":"ImageObject","inLanguage":"en-US","@id":"https:\/\/www.studiob3.se\/studio-b3\/#primaryimage","url":"https:\/\/static.studiob3.se\/uploads\/2026\/03\/20260211_studioB3-_0116-scaled.jpg","contentUrl":"https:\/\/static.studiob3.se\/uploads\/2026\/03\/20260211_studioB3-_0116-scaled.jpg","width":2560,"height":1829},{"@type":"BreadcrumbList","@id":"https:\/\/www.studiob3.se\/studio-b3\/#breadcrumb","itemListElement":[{"@type":"ListItem","position":1,"name":"Hem","item":"https:\/\/www.studiob3.se\/"},{"@type":"ListItem","position":2,"name":"About Studio B3"}]},{"@type":"WebSite","@id":"https:\/\/www.studiob3.se\/#website","url":"https:\/\/www.studiob3.se\/","name":"Studio B3 \u2013 Showroom","description":"","potentialAction":[{"@type":"SearchAction","target":{"@type":"EntryPoint","urlTemplate":"https:\/\/www.studiob3.se\/?s={search_term_string}"},"query-input":{"@type":"PropertyValueSpecification","valueRequired":true,"valueName":"search_term_string"}}],"inLanguage":"en-US"}]}},"_links":{"self":[{"href":"https:\/\/www.studiob3.se\/en\/wp-json\/wp\/v2\/pages\/1755","targetHints":{"allow":["GET"]}}],"collection":[{"href":"https:\/\/www.studiob3.se\/en\/wp-json\/wp\/v2\/pages"}],"about":[{"href":"https:\/\/www.studiob3.se\/en\/wp-json\/wp\/v2\/types\/page"}],"author":[{"embeddable":true,"href":"https:\/\/www.studiob3.se\/en\/wp-json\/wp\/v2\/users\/2"}],"replies":[{"embeddable":true,"href":"https:\/\/www.studiob3.se\/en\/wp-json\/wp\/v2\/comments?post=1755"}],"version-history":[{"count":25,"href":"https:\/\/www.studiob3.se\/en\/wp-json\/wp\/v2\/pages\/1755\/revisions"}],"predecessor-version":[{"id":3498,"href":"https:\/\/www.studiob3.se\/en\/wp-json\/wp\/v2\/pages\/1755\/revisions\/3498"}],"wp:featuredmedia":[{"embeddable":true,"href":"https:\/\/www.studiob3.se\/en\/wp-json\/wp\/v2\/media\/3438"}],"wp:attachment":[{"href":"https:\/\/www.studiob3.se\/en\/wp-json\/wp\/v2\/media?parent=1755"}],"curies":[{"name":"wp","href":"https:\/\/api.w.org\/{rel}","templated":true}]}}